{"id":96,"date":"2013-08-10T08:37:37","date_gmt":"2013-08-10T06:37:37","guid":{"rendered":"http:\/\/osteria-vineria.com\/?page_id=96"},"modified":"2015-09-30T14:21:40","modified_gmt":"2015-09-30T12:21:40","slug":"winetime","status":"publish","type":"page","link":"http:\/\/osteria-vineria.com\/?page_id=96","title":{"rendered":"WineTime"},"content":{"rendered":"<h2>4-G\u00c4NGE DEGUSTATIONS-MEN\u00dc<\/h2>\n<p>LIEBE FEINSCHMECKER UND WEINFREUNDE! WineTime &#8211; Pr\u00e4sentationen von namhaften und noch unbekannten Weinen mit darauf abgestimmten Gerichten der Region. Bei jeder WineTime wird eine andere Region vorgestellt. F\u00fcr die Weinverkostung hat unsere K\u00fcche ein auf die jeweiligen Weine abgestimmtes 4 G\u00e4nge Men\u00fc zusammengestellt. Bei diesem Traum f\u00fcr alle Sinne, lernen Sie das Anbaugebiet kennen. Zus\u00e4tzlich k\u00f6nnen Sie an diesem Abend die Weine zu besonders g\u00fcnstigen Konditionen erwerben.<br \/>\nReservierungen bitte bei unserem Restaurant Team.<\/p>\n","protected":false},"excerpt":{"rendered":"<p>4-G\u00c4NGE DEGUSTATIONS-MEN\u00dc LIEBE FEINSCHMECKER UND WEINFREUNDE! WineTime &#8211; Pr\u00e4sentationen von namhaften und noch unbekannten Weinen mit darauf abgestimmten Gerichten der Region. Bei jeder WineTime wird eine andere Region vorgestellt. F\u00fcr die Weinverkostung hat unsere K\u00fcche ein auf die jeweiligen Weine abgestimmtes 4 G\u00e4nge Men\u00fc zusammengestellt. Bei diesem Traum f\u00fcr alle Sinne, lernen Sie das Anbaugebiet [&hellip;]<\/p>\n","protected":false},"author":2,"featured_media":164,"parent":0,"menu_order":0,"comment_status":"open","ping_status":"open","template":"","meta":[],"_links":{"self":[{"href":"http:\/\/osteria-vineria.com\/index.php?rest_route=\/wp\/v2\/pages\/96"}],"collection":[{"href":"http:\/\/osteria-vineria.com\/index.php?rest_route=\/wp\/v2\/pages"}],"about":[{"href":"http:\/\/osteria-vineria.com\/index.php?rest_route=\/wp\/v2\/types\/page"}],"author":[{"embeddable":true,"href":"http:\/\/osteria-vineria.com\/index.php?rest_route=\/wp\/v2\/users\/2"}],"replies":[{"embeddable":true,"href":"http:\/\/osteria-vineria.com\/index.php?rest_route=%2Fwp%2Fv2%2Fcomments&post=96"}],"version-history":[{"count":9,"href":"http:\/\/osteria-vineria.com\/index.php?rest_route=\/wp\/v2\/pages\/96\/revisions"}],"predecessor-version":[{"id":464,"href":"http:\/\/osteria-vineria.com\/index.php?rest_route=\/wp\/v2\/pages\/96\/revisions\/464"}],"wp:featuredmedia":[{"embeddable":true,"href":"http:\/\/osteria-vineria.com\/index.php?rest_route=\/wp\/v2\/media\/164"}],"wp:attachment":[{"href":"http:\/\/osteria-vineria.com\/index.php?rest_route=%2Fwp%2Fv2%2Fmedia&parent=96"}],"curies":[{"name":"wp","href":"https:\/\/api.w.org\/{rel}","templated":true}]}}