{"id":14,"date":"2013-08-05T19:41:39","date_gmt":"2013-08-05T17:41:39","guid":{"rendered":"http:\/\/osteria-vineria.com\/?page_id=14"},"modified":"2026-01-13T19:45:13","modified_gmt":"2026-01-13T17:45:13","slug":"startseite","status":"publish","type":"page","link":"https:\/\/osteria-vineria.com\/","title":{"rendered":"Startseite"},"content":{"rendered":"<p style=\"text-align: center;\"><strong><span style=\"color: #800000;\">Reservierungen nur telefonisch m\u00f6glich !!!!<\/span><\/strong><\/p>\n<div class=\"grid3column\">\n<h2 style=\"margin-top: -10px;\"><a href=\"https:\/\/osteria-vineria.com\/?page_id=59\/\"><br \/>\nWeinkarte<\/a><\/h2>\n<p><img decoding=\"async\" loading=\"lazy\" class=\"alignnone size-full wp-image-984\" src=\"http:\/\/osteria-vineria.com\/wp-content\/uploads\/2013\/08\/IMG_3469-1.jpg\" alt=\"\" width=\"356\" height=\"237\" srcset=\"https:\/\/osteria-vineria.com\/wp-content\/uploads\/2013\/08\/IMG_3469-1.jpg 356w, https:\/\/osteria-vineria.com\/wp-content\/uploads\/2013\/08\/IMG_3469-1-300x200.jpg 300w\" sizes=\"(max-width: 356px) 100vw, 356px\" \/><\/p>\n<p><strong>Auszug aus unserer Weinkarte<\/strong><\/p>\n<table width=\"100%\">\n<tbody>\n<tr>\n<td><b>Wein un Region<\/b><\/td>\n<td><b>Weingut<\/b><\/td>\n<td><b>Art<\/b><\/td>\n<td><b>Jahrgang<\/b><\/td>\n<\/tr>\n<tr>\n<td style=\"background-color: ivory; opacity: 0.8;\" colspan=\"3\"><strong><em><u>Abruzzen<\/u><\/em><\/strong><\/td>\n<\/tr>\n<tr>\n<td>Montepulciano<\/td>\n<td>Feudo Antico<\/td>\n<td style=\"background-color: gray; opacity: 0.4;\"><span style=\"color: red;\">rot<\/span><\/td>\n<td>2018<\/td>\n<\/tr>\n<tr>\n<td>Pecorino<\/td>\n<td>Feudo Antico<\/td>\n<td style=\"background-color: gray; opacity: 0.4;\"><span style=\"color: ivory;\">weiss<\/span><\/td>\n<td>2020<\/td>\n<\/tr>\n<tr>\n<td>Montepulciano<\/td>\n<td>Masciarelli<\/td>\n<td style=\"background-color: gray; opacity: 0.4;\"><span style=\"color: red;\">rot<\/span><\/td>\n<td>2017<\/td>\n<\/tr>\n<tr>\n<td>Trebbiano<\/td>\n<td>Masciarelli<\/td>\n<td style=\"background-color: gray; opacity: 0.4;\"><span style=\"color: ivory;\">weiss<\/span><\/td>\n<td>2019<\/td>\n<\/tr>\n<\/tbody>\n<\/table>\n<p><span><a href=\"http:\/\/osteria-vineria.com\/?page_id=59\/\" target=\"\" class=\"progression-small or progression-medium or progression-large progression-grey\">Zur Weinauswahl<\/a><\/span> <\/div><div class=\"grid3column\"><\/p>\n<h2><a href=\"https:\/\/osteria-vineria.com\/?page_id=19\/\">Speisekarte &amp; Menus<\/a><\/h2>\n<p><img decoding=\"async\" loading=\"lazy\" class=\"alignnone size-full wp-image-979\" src=\"http:\/\/osteria-vineria.com\/wp-content\/uploads\/2013\/08\/IMG_3457-1.jpg\" alt=\"\" width=\"356\" height=\"237\" srcset=\"https:\/\/osteria-vineria.com\/wp-content\/uploads\/2013\/08\/IMG_3457-1.jpg 356w, https:\/\/osteria-vineria.com\/wp-content\/uploads\/2013\/08\/IMG_3457-1-300x200.jpg 300w\" sizes=\"(max-width: 356px) 100vw, 356px\" \/><\/p>\n<h3 class=\"header-underline\">Mittagsmenu<\/h3>\n<h3 class=\"header-underline\">Menu di pesce<\/h3>\n<h3 class=\"header-underline\">Menu Stagionale<\/h3>\n<p><strong>\u201cEtwas f\u00fcr fortgeschrittene Fans der italienischen K\u00fcche\u201d (Stadtmagazin Meier 2007)<\/strong> Gehobene Gastronomie mit ausschliesslich frischen Produkten der Saison MITTAGS-MEN\u00dc AB 12 UHR A LA CARTE ABENDS AB 18.30 UHR<\/p>\n<p><span><a href=\"http:\/\/osteria-vineria.com\/?page_id=19\/\" target=\"\" class=\"progression-small or progression-medium or progression-large progression-grey\">Zur Speisekarte<\/a><\/span> <\/div><div class=\"grid3column lastcolumn\"><\/p>\n<h2 style=\"color: #a00000;\">L&#8217;Osteria Vineria<\/h2>\n<p><img decoding=\"async\" loading=\"lazy\" class=\"alignnone size-full wp-image-982\" src=\"http:\/\/osteria-vineria.com\/wp-content\/uploads\/2013\/08\/IMG_3448-1.jpg\" alt=\"\" width=\"356\" height=\"237\" srcset=\"https:\/\/osteria-vineria.com\/wp-content\/uploads\/2013\/08\/IMG_3448-1.jpg 356w, https:\/\/osteria-vineria.com\/wp-content\/uploads\/2013\/08\/IMG_3448-1-300x200.jpg 300w\" sizes=\"(max-width: 356px) 100vw, 356px\" \/><\/p>\n<p><strong>EXCLUSIVES CATERING, VERANSTALTUNGEN, FESTLICHKEITEN<\/strong> <strong>Veranstaltungen:<\/strong> Bei uns k\u00f6nnen Sie Ihre Feier bis zu 50 Personen in einer ansprechenden, modernen und freundlichen Atmosph\u00e4re genie\u00dfen. (auch mit Live-Klaviermusik) <strong>Gutscheine:<\/strong> Ein Gutschein ist immer eine gute Idee, ob f\u00fcr ein romantisches Dinner zu zweit, oder als Geburtstagsgeschenk f\u00fcr besondere Menschen. Fragen Sie einfach nach! <strong>WINETIME<\/strong> Pr\u00e4sentationen von namhaften und noch unbekannten Weinen mit darauf abgestimmen Gerichten der Region.<\/p>\n<p><span><a href=\"http:\/\/osteria-vineria.com\/?page_id=96\/\" target=\"\" class=\"progression-small or progression-medium or progression-large progression-grey\">Zur Winetime<\/a><\/span> <\/div><div class=\"clearfix\"><\/div><\/p>\n<div class=\"grid4columnbig\"><\/p>\n<hr \/>\n<p><span style=\"color: #ff0000;\"><strong>Reservierungen nur telefonisch m\u00f6glich !!!!<\/strong><\/span><\/p>\n<p><strong><span style=\"color: #800000;\"> Tel: 0621-1819335<\/span><\/strong><\/p>\n<p><span style=\"color: #800000;\"><strong>Bitte beachten sie folgendes:<\/strong><\/span><\/p>\n<p><span style=\"color: #800000;\"><strong>&#8222;No Shows&#8220; Unentschuldigtes Nichterscheinen wird mit einer Geb\u00fchr von mindesten 80- \u20ac pro Person in Rechnung gestellt. <\/strong><\/span><\/p>\n<p><strong><span style=\"color: #800000;\">Reservierungen m\u00fcssen telefonisch mind. 24h vor dem vereinbarten Termin storniert werden<\/span><\/strong><\/p>\n<p><\/div>\n","protected":false},"excerpt":{"rendered":"<p>Reservierungen nur telefonisch m\u00f6glich !!!!<\/p>\n","protected":false},"author":2,"featured_media":0,"parent":0,"menu_order":0,"comment_status":"closed","ping_status":"closed","template":"homepage.php","meta":[],"_links":{"self":[{"href":"https:\/\/osteria-vineria.com\/index.php?rest_route=\/wp\/v2\/pages\/14"}],"collection":[{"href":"https:\/\/osteria-vineria.com\/index.php?rest_route=\/wp\/v2\/pages"}],"about":[{"href":"https:\/\/osteria-vineria.com\/index.php?rest_route=\/wp\/v2\/types\/page"}],"author":[{"embeddable":true,"href":"https:\/\/osteria-vineria.com\/index.php?rest_route=\/wp\/v2\/users\/2"}],"replies":[{"embeddable":true,"href":"https:\/\/osteria-vineria.com\/index.php?rest_route=%2Fwp%2Fv2%2Fcomments&post=14"}],"version-history":[{"count":124,"href":"https:\/\/osteria-vineria.com\/index.php?rest_route=\/wp\/v2\/pages\/14\/revisions"}],"predecessor-version":[{"id":1280,"href":"https:\/\/osteria-vineria.com\/index.php?rest_route=\/wp\/v2\/pages\/14\/revisions\/1280"}],"wp:attachment":[{"href":"https:\/\/osteria-vineria.com\/index.php?rest_route=%2Fwp%2Fv2%2Fmedia&parent=14"}],"curies":[{"name":"wp","href":"https:\/\/api.w.org\/{rel}","templated":true}]}}