{"id":19,"date":"2013-08-05T19:46:23","date_gmt":"2013-08-05T17:46:23","guid":{"rendered":"http:\/\/osteria-vineria.com\/?page_id=19"},"modified":"2025-02-26T12:14:48","modified_gmt":"2025-02-26T10:14:48","slug":"menues-2","status":"publish","type":"page","link":"https:\/\/osteria-vineria.com\/?page_id=19","title":{"rendered":"Menus"},"content":{"rendered":"<p>Unsere<strong> hausgemachten Nudeln, <span style=\"color: #993300;\">auf Bronze gezogen<\/span> (Kamut- oder Dinkelmehl) und Desserts<\/strong> werden ausschlie\u00dflich mit <strong>Bio-Eiern<\/strong> hergestellt! Dessert werden ausnahmslos mit <strong>Agar Agar<\/strong> zubereitet! Selbstverst\u00e4ndlich haben Sie auch die M\u00f6glichkeit \u00e0 la Carte zu speisen! <strong>So k\u00f6nnte Ihr Men\u00fc aussehen:<\/strong><\/p>\n<p style=\"text-align: center;\"><div class=\"grid3column\"><\/p>\n<h2 style=\"text-align: center;\">Menu di pesce<\/h2>\n<p><img decoding=\"async\" loading=\"lazy\" class=\"alignnone size-full wp-image-85 aligncenter\" src=\"http:\/\/osteria-vineria.com\/wp-content\/uploads\/2013\/08\/3.jpg\" alt=\"Pizzarelli 15\" width=\"356\" height=\"200\" srcset=\"https:\/\/osteria-vineria.com\/wp-content\/uploads\/2013\/08\/3.jpg 356w, https:\/\/osteria-vineria.com\/wp-content\/uploads\/2013\/08\/3-300x168.jpg 300w\" sizes=\"(max-width: 356px) 100vw, 356px\" \/><\/p>\n<p style=\"text-align: center;\"><strong>Polpo con crema di patate e cima di rapa<\/strong><\/p>\n<p style=\"text-align: center;\">(Oktopus\u00a0 -Kartoffelcreme, Cima di rapa)<\/p>\n<p style=\"text-align: center;\">28.- \u20ac<\/p>\n<p style=\"text-align: center;\">\u2606<\/p>\n<p style=\"text-align: center;\"><strong>Tagliolini con carciofini i vongole verace e bottarga<\/strong><\/p>\n<p style=\"text-align: center;\">(Hausgemacht Tagliolini, frische Artischocken, Vongole Verace, Bottarga)<\/p>\n<p style=\"text-align: center;\">27.- \u20ac<\/p>\n<p style=\"text-align: center;\">\u2606<\/p>\n<p style=\"text-align: center;\"><strong>Sogliola con brodetto di finocchio, fave e capesante<\/strong><\/p>\n<p style=\"text-align: center;\">(Bretonische Seezung, Fenchelsud, frisch Farvebohnen, bretonische Jakobsmuscheln, Krustentierjus)<\/p>\n<p style=\"text-align: center;\">44.- \u20ac<\/p>\n<p style=\"text-align: center;\">\u2606<\/p>\n<p style=\"text-align: center;\"><strong>Tortina di mocciola<\/strong><\/p>\n<p style=\"text-align: center;\">(Piermontesischer Haselnusskuchen, Haselnusspafait (ohne Mehl))<\/p>\n<p style=\"text-align: center;\">16.- \u20ac<\/p>\n<p style=\"text-align: center;\">\u2606<\/p>\n<p style=\"text-align: center;\"><em>\u00a0Ab 3 G\u00e4nge 87,00 \u20ac<br \/>\n<\/em><em>Ab 4 G\u00e4nge 98,00 \u20ac<br \/>\n<\/em><br \/>\n<strong>\u00a0<\/strong><\/div><div class=\"grid3column\"><\/p>\n<h2 style=\"text-align: center;\">Menu Stagionale<\/h2>\n<p style=\"text-align: center;\"><img decoding=\"async\" loading=\"lazy\" class=\"alignnone size-full wp-image-86\" src=\"http:\/\/osteria-vineria.com\/wp-content\/uploads\/2013\/08\/jakobsmuschel-osteria-vineria.jpg\" alt=\"\" width=\"356\" height=\"200\" \/><\/p>\n<p style=\"text-align: center;\"><strong>Quaglie con spinaci, tartufo nero, nocciole gentile<\/strong><\/p>\n<p style=\"text-align: center;\">(Wachtel, Blattspinat, schwarze Tr\u00fcffel aus dem Perogord, piermontesische Haseln\u00fcsse Gentile)<\/p>\n<p style=\"text-align: center;\">28.- \u20ac<\/p>\n<p style=\"text-align: center;\">\u2606<\/p>\n<p style=\"text-align: center;\"><strong>Piperigate con cima di rapa, burrata affurmicata<\/strong><\/p>\n<p style=\"text-align: center;\">(Hausgemachte Piperigate, Cima di rapa, Burrata ger\u00e4uchert)<\/p>\n<p style=\"text-align: center;\">25.- \u20ac<\/p>\n<p style=\"text-align: center;\">\u2606<\/p>\n<p style=\"text-align: center;\"><strong>Guanciale di vitello brasato<\/strong><\/p>\n<p style=\"text-align: center;\">(Kalbsb\u00e4ckechen in Barberarotwein, Safran Topinamburcreme)<\/p>\n<p style=\"text-align: center;\">38.- \u20ac<\/p>\n<p style=\"text-align: center;\">\u2606<\/p>\n<p style=\"text-align: center;\"><strong>Crostata di melagrana<\/strong><\/p>\n<p style=\"text-align: center;\">(Granatapfel-Tarte, Himbeercreme)<\/p>\n<p style=\"text-align: center;\">16.- \u20ac<\/p>\n<p style=\"text-align: center;\">\u2606<\/p>\n<p style=\"text-align: center;\"><em>\u00a0Ab 3 G\u00e4nge 84,00 \u20ac<br \/>\n<\/em><em>Ab 4 G\u00e4nge 92,00 \u20ac<br \/>\n<\/em><br \/>\n<\/div><div class=\"grid3column lastcolumn\"><\/p>\n<h2 style=\"text-align: center;\">Mittagsmen\u00fc<\/h2>\n<p style=\"text-align: center;\"><img decoding=\"async\" loading=\"lazy\" class=\"alignnone size-full wp-image-87\" src=\"http:\/\/osteria-vineria.com\/wp-content\/uploads\/2013\/08\/7.jpg\" alt=\"Mittagsmen\u00fc\" width=\"356\" height=\"200\" \/><\/p>\n<h3 style=\"text-align: center;\"><strong>Antipasti<\/strong><\/h3>\n<p style=\"text-align: center;\">\u2606\u2606<\/p>\n<p style=\"text-align: center;\"><strong>Carciofini crudi con parmigiano vacche rosse<\/strong><\/p>\n<p style=\"text-align: center;\">(Roher Artischockensalat, Parmigiano Vacche Rosse (40 monate gereift))<\/p>\n<p style=\"text-align: center;\">21.- \u20ac<\/p>\n<p style=\"text-align: center;\">\u2606<\/p>\n<p style=\"text-align: center;\"><strong>Carne cruda alla piemontese<\/strong><\/p>\n<p style=\"text-align: center;\">(Piermontesischer Kalbstartar handgeschnitten mit gehobelten Parmigiano, Staudensellerie)<\/p>\n<p style=\"text-align: center;\">22.- \u20ac<\/p>\n<p style=\"text-align: center;\">\u2606<\/p>\n<p style=\"text-align: center;\"><strong>Calamaretti con finocchio marinato<\/strong><\/p>\n<p style=\"text-align: center;\">(Gebratene Calamaretti, marintem Fenchel)<\/p>\n<p style=\"text-align: center;\">22.- \u20ac<\/p>\n<p style=\"text-align: center;\">\u2606<\/p>\n<h3 style=\"text-align: center;\"><strong>Primi e Secondi piatti<\/strong><\/h3>\n<p style=\"text-align: center;\">\u2606\u2606<\/p>\n<p style=\"text-align: center;\"><strong>Meluzzo con cicoria, crema di fave<\/strong><\/p>\n<p style=\"text-align: center;\">(Skry \u2013Kabeljau, L\u00f6wenzahn, Saubohnencreme mit Krustentierjus)<\/p>\n<p style=\"text-align: center;\">23.- \u20ac<\/p>\n<p style=\"text-align: center;\"><strong>\u2606\u00a0<\/strong><\/p>\n<p style=\"text-align: center;\"><strong>Agnolotti dal plin<\/strong><\/p>\n<p style=\"text-align: center;\">(Hausgemachte piermontesische Agnolotti mit Kalbfleisch gef\u00fcllt)<\/p>\n<p style=\"text-align: center;\">22.- \u20ac<\/p>\n<p style=\"text-align: center;\">\u2606<\/p>\n<p style=\"text-align: center;\"><strong>Spaghetti Chitarra con crema di buratta confit di pomodorini asparagi verdi<\/strong><\/p>\n<p style=\"text-align: center;\">(Hausgemachte Spaghetti Chitarra (Kamutmehl) mit Buratta , frischem gr\u00fcnen Spagel (Pfalz oder Italien), Datteltomatenconfi)<\/p>\n<p style=\"text-align: center;\">23.- \u20ac<\/p>\n<p style=\"text-align: center;\">\u2606<\/p>\n<h3 style=\"text-align: center;\"><strong>Dessert\u00a0<\/strong><\/h3>\n<p style=\"text-align: center;\">\u2606\u2606<\/p>\n<p style=\"text-align: center;\"><strong>\u00a0Crostata di arancia rossa<\/strong><\/p>\n<p style=\"text-align: center;\">(sizilianischer Blutorangentarte)<\/p>\n<p style=\"text-align: center;\">10 .-\u20ac<\/p>\n<p style=\"text-align: center;\"><strong><br \/>\n<\/strong>\u2606<\/p>\n<p style=\"text-align: center;\">Ab 2 G\u00e4nge\u00a0\u00a0\u00a0\u00a0 41.- \u20ac<\/p>\n<p style=\"text-align: center;\">Ab 3 G\u00e4nge\u00a0\u00a0\u00a0\u00a0 48.- \u20ac<\/p>\n<p style=\"text-align: center;\">( 2 G\u00e4nge + Dessert)<\/p>\n<p><\/div><div class=\"clearfix\"><\/div><\/p>\n","protected":false},"excerpt":{"rendered":"<p>Unsere hausgemachten Nudeln, auf Bronze gezogen (Kamut- oder Dinkelmehl) und Desserts werden ausschlie\u00dflich mit Bio-Eiern hergestellt! Dessert werden ausnahmslos mit Agar Agar zubereitet! Selbstverst\u00e4ndlich haben Sie auch die M\u00f6glichkeit \u00e0 la Carte zu speisen! So k\u00f6nnte Ihr Men\u00fc aussehen:<\/p>\n","protected":false},"author":2,"featured_media":33,"parent":0,"menu_order":0,"comment_status":"closed","ping_status":"closed","template":"","meta":[],"_links":{"self":[{"href":"https:\/\/osteria-vineria.com\/index.php?rest_route=\/wp\/v2\/pages\/19"}],"collection":[{"href":"https:\/\/osteria-vineria.com\/index.php?rest_route=\/wp\/v2\/pages"}],"about":[{"href":"https:\/\/osteria-vineria.com\/index.php?rest_route=\/wp\/v2\/types\/page"}],"author":[{"embeddable":true,"href":"https:\/\/osteria-vineria.com\/index.php?rest_route=\/wp\/v2\/users\/2"}],"replies":[{"embeddable":true,"href":"https:\/\/osteria-vineria.com\/index.php?rest_route=%2Fwp%2Fv2%2Fcomments&post=19"}],"version-history":[{"count":61,"href":"https:\/\/osteria-vineria.com\/index.php?rest_route=\/wp\/v2\/pages\/19\/revisions"}],"predecessor-version":[{"id":1241,"href":"https:\/\/osteria-vineria.com\/index.php?rest_route=\/wp\/v2\/pages\/19\/revisions\/1241"}],"wp:featuredmedia":[{"embeddable":true,"href":"https:\/\/osteria-vineria.com\/index.php?rest_route=\/wp\/v2\/media\/33"}],"wp:attachment":[{"href":"https:\/\/osteria-vineria.com\/index.php?rest_route=%2Fwp%2Fv2%2Fmedia&parent=19"}],"curies":[{"name":"wp","href":"https:\/\/api.w.org\/{rel}","templated":true}]}}